{"id":744,"date":"2023-12-15T07:08:00","date_gmt":"2023-12-15T07:08:00","guid":{"rendered":"https:\/\/report.com.pl\/?page_id=744"},"modified":"2024-07-01T07:10:39","modified_gmt":"2024-07-01T07:10:39","slug":"procedura-spisu-wodomierzy","status":"publish","type":"page","link":"https:\/\/report.com.pl\/?page_id=744","title":{"rendered":"Procedura spisu wodomierzy"},"content":{"rendered":"\n<p>Jak prawid\u0142owo odczyta\u0107 wodomierze na klatkach schodowych?<br><br>1. Przygotowanie si\u0119:<br>&nbsp;&nbsp; &#8211; We\u017a ze sob\u0105 list\u0119 z wykazem wodomierzy, d\u0142ugopis i ewentualnie latark\u0119 (je\u015bli klatka schodowa jest s\u0142abo o\u015bwietlona).<br><br>2. Znajd\u017a wodomierze:<br>&nbsp;&nbsp; &#8211; Wodomierze zazwyczaj znajduj\u0105 si\u0119 w specjalnych szafkach na klatkach schodowych.<br>&nbsp;&nbsp; &#8211; Szukaj oznacze\u0144 na drzwiczkach szafek, kt\u00f3re mog\u0105 wskazywa\u0107 na obecno\u015b\u0107 wodomierzy.<br><br>3. Otw\u00f3rz szafk\u0119:<br>&nbsp;&nbsp; &#8211; U\u017cyj klucza lub przekr\u0119\u0107 uchwyt, aby otworzy\u0107 drzwiczki szafki z wodomierzami.<br>&nbsp;&nbsp; &#8211; Uwa\u017caj, aby nie uszkodzi\u0107 drzwiczek ani zamka.<br><br>4. Zlokalizuj sw\u00f3j wodomierz:<br>&nbsp;&nbsp; &#8211; Ka\u017cdy wodomierz ma unikalny numer. Znajd\u017a ten, kt\u00f3ry jest przypisany do konkretnego mieszkania.<br>&nbsp;&nbsp; &#8211; Numery mog\u0105 by\u0107 zapisane na przywieszce wewn\u0105trz szafki lub bezpo\u015brednio na wodomierzach.<\/p>\n\n\n\n<p>5. Odczytaj licznik:<br>&nbsp;&nbsp; &#8211; Sp\u00f3jrz na licznik wodomierza. Sk\u0142ada si\u0119 on z kilku cyfr, kt\u00f3re pokazuj\u0105 ilo\u015b\u0107 zu\u017cytej wody w metrach sze\u015bciennych.<br>&nbsp;&nbsp; &#8211; Zapisz te cyfry na li\u015bcie odczytowej, podaj\u0105c r\u00f3wnie\u017c dat\u0119 odczytu i numer wodomierza.<\/p>\n\n\n\n<p>&nbsp;&nbsp; &#8211; <strong>Z<\/strong><strong>r\u00f3b zdj\u0119cie wodomierza co u\u0142atwi weryfikacj\u0119 w przypadku pomy\u0142ki w spisie<\/strong><strong>.<\/strong><\/p>\n\n\n\n<p><br>6. Zamknij szafk\u0119:<br>\u00a0\u00a0 &#8211; Po odczytaniu licznik\u00f3w zamknij szafk\u0119, upewniaj\u0105c si\u0119, \u017ce jest dobrze zamkni\u0119ta.<br><br>7. Przeka\u017c odczyty:<br>\u00a0\u00a0 &#8211; Przeka\u017c zapisane odczyty do ksi\u0119gowo\u015bci wsp\u00f3lnoty mieszkaniowej lub osoby odpowiedzialnej za zbieranie tych danych.<br>\u00a0\u00a0 &#8211; Mo\u017cesz to zrobi\u0107 osobi\u015bcie, e-mailem na adres <a href=\"mailto:zarzadca@dombest.pl\">zarzadca@dombest.pl<\/a> lub poprzez zwrot listy do administracji.<br><br>Wskaz\u00f3wki:<br>&#8211; Je\u015bli nie jeste\u015b pewien, kt\u00f3ry wodomierz jest przypisany do konkretnego lokalu, sprawd\u017a obecno\u015b\u0107 w\u0142a\u015bciciela poniewa\u017c odkr\u0119cenie wody w lokalu i spowoduje obr\u00f3t liczyd\u0142a przyporz\u0105dkowanego do lokalu.<br>&#8211; Je\u015bli masz problem z odczytaniem licznika, popro\u015b o pomoc administratora.<br><br><\/p>\n","protected":false},"excerpt":{"rendered":"<p>Jak prawid\u0142owo odczyta\u0107 wodomierze na klatkach schodowych? 1. Przygotowanie si\u0119:&nbsp;&nbsp; &#8211; We\u017a ze sob\u0105 list\u0119 z wykazem wodomierzy, d\u0142ugopis i ewentualnie latark\u0119 (je\u015bli klatka schodowa jest s\u0142abo o\u015bwietlona). 2. Znajd\u017a wodomierze:&nbsp;&nbsp; &#8211; Wodomierze zazwyczaj znajduj\u0105 si\u0119 w specjalnych szafkach na klatkach schodowych.&nbsp;&nbsp; &#8211; Szukaj oznacze\u0144 na drzwiczkach szafek, kt\u00f3re mog\u0105 wskazywa\u0107 na obecno\u015b\u0107 wodomierzy. 3. [&hellip;]<\/p>\n","protected":false},"author":2,"featured_media":0,"parent":0,"menu_order":0,"comment_status":"closed","ping_status":"closed","template":"","meta":{"ocean_post_layout":"","ocean_both_sidebars_style":"","ocean_both_sidebars_content_width":0,"ocean_both_sidebars_sidebars_width":0,"ocean_sidebar":"0","ocean_second_sidebar":"0","ocean_disable_margins":"enable","ocean_add_body_class":"","ocean_shortcode_before_top_bar":"","ocean_shortcode_after_top_bar":"","ocean_shortcode_before_header":"","ocean_shortcode_after_header":"","ocean_has_shortcode":"","ocean_shortcode_after_title":"","ocean_shortcode_before_footer_widgets":"","ocean_shortcode_after_footer_widgets":"","ocean_shortcode_before_footer_bottom":"","ocean_shortcode_after_footer_bottom":"","ocean_display_top_bar":"default","ocean_display_header":"default","ocean_header_style":"","ocean_center_header_left_menu":"0","ocean_custom_header_template":"0","ocean_custom_logo":0,"ocean_custom_retina_logo":0,"ocean_custom_logo_max_width":0,"ocean_custom_logo_tablet_max_width":0,"ocean_custom_logo_mobile_max_width":0,"ocean_custom_logo_max_height":0,"ocean_custom_logo_tablet_max_height":0,"ocean_custom_logo_mobile_max_height":0,"ocean_header_custom_menu":"0","ocean_menu_typo_font_family":"0","ocean_menu_typo_font_subset":"","ocean_menu_typo_font_size":0,"ocean_menu_typo_font_size_tablet":0,"ocean_menu_typo_font_size_mobile":0,"ocean_menu_typo_font_size_unit":"px","ocean_menu_typo_font_weight":"","ocean_menu_typo_font_weight_tablet":"","ocean_menu_typo_font_weight_mobile":"","ocean_menu_typo_transform":"","ocean_menu_typo_transform_tablet":"","ocean_menu_typo_transform_mobile":"","ocean_menu_typo_line_height":0,"ocean_menu_typo_line_height_tablet":0,"ocean_menu_typo_line_height_mobile":0,"ocean_menu_typo_line_height_unit":"","ocean_menu_typo_spacing":0,"ocean_menu_typo_spacing_tablet":0,"ocean_menu_typo_spacing_mobile":0,"ocean_menu_typo_spacing_unit":"","ocean_menu_link_color":"","ocean_menu_link_color_hover":"","ocean_menu_link_color_active":"","ocean_menu_link_background":"","ocean_menu_link_hover_background":"","ocean_menu_link_active_background":"","ocean_menu_social_links_bg":"","ocean_menu_social_hover_links_bg":"","ocean_menu_social_links_color":"","ocean_menu_social_hover_links_color":"","ocean_disable_title":"default","ocean_disable_heading":"default","ocean_post_title":"","ocean_post_subheading":"","ocean_post_title_style":"","ocean_post_title_background_color":"","ocean_post_title_background":0,"ocean_post_title_bg_image_position":"","ocean_post_title_bg_image_attachment":"","ocean_post_title_bg_image_repeat":"","ocean_post_title_bg_image_size":"","ocean_post_title_height":0,"ocean_post_title_bg_overlay":0.5,"ocean_post_title_bg_overlay_color":"","ocean_disable_breadcrumbs":"default","ocean_breadcrumbs_color":"","ocean_breadcrumbs_separator_color":"","ocean_breadcrumbs_links_color":"","ocean_breadcrumbs_links_hover_color":"","ocean_display_footer_widgets":"default","ocean_display_footer_bottom":"default","ocean_custom_footer_template":"0","footnotes":""},"class_list":["post-744","page","type-page","status-publish","hentry","entry"],"_links":{"self":[{"href":"https:\/\/report.com.pl\/index.php?rest_route=\/wp\/v2\/pages\/744","targetHints":{"allow":["GET"]}}],"collection":[{"href":"https:\/\/report.com.pl\/index.php?rest_route=\/wp\/v2\/pages"}],"about":[{"href":"https:\/\/report.com.pl\/index.php?rest_route=\/wp\/v2\/types\/page"}],"author":[{"embeddable":true,"href":"https:\/\/report.com.pl\/index.php?rest_route=\/wp\/v2\/users\/2"}],"replies":[{"embeddable":true,"href":"https:\/\/report.com.pl\/index.php?rest_route=%2Fwp%2Fv2%2Fcomments&post=744"}],"version-history":[{"count":3,"href":"https:\/\/report.com.pl\/index.php?rest_route=\/wp\/v2\/pages\/744\/revisions"}],"predecessor-version":[{"id":1963,"href":"https:\/\/report.com.pl\/index.php?rest_route=\/wp\/v2\/pages\/744\/revisions\/1963"}],"wp:attachment":[{"href":"https:\/\/report.com.pl\/index.php?rest_route=%2Fwp%2Fv2%2Fmedia&parent=744"}],"curies":[{"name":"wp","href":"https:\/\/api.w.org\/{rel}","templated":true}]}}