{"id":636,"date":"2022-10-17T20:44:37","date_gmt":"2022-10-17T20:44:37","guid":{"rendered":"https:\/\/report.com.pl\/?page_id=636"},"modified":"2025-05-09T13:36:46","modified_gmt":"2025-05-09T13:36:46","slug":"e-kartoteka","status":"publish","type":"page","link":"https:\/\/report.com.pl\/?page_id=636","title":{"rendered":"e-kartoteka"},"content":{"rendered":"<style><\/style>\t\t<div data-elementor-type=\"wp-page\" data-elementor-id=\"636\" class=\"elementor elementor-636\" data-elementor-post-type=\"page\">\n\t\t\t\t\t\t<section class=\"elementor-section elementor-top-section elementor-element elementor-element-824c6ed elementor-section-boxed elementor-section-height-default elementor-section-height-default\" data-id=\"824c6ed\" data-element_type=\"section\" data-e-type=\"section\">\n\t\t\t\t\t\t<div class=\"elementor-container elementor-column-gap-default\">\n\t\t\t\t\t<div class=\"elementor-column elementor-col-100 elementor-top-column elementor-element elementor-element-66b0006\" data-id=\"66b0006\" data-element_type=\"column\" data-e-type=\"column\">\n\t\t\t<div class=\"elementor-widget-wrap elementor-element-populated\">\n\t\t\t\t\t\t<div class=\"elementor-element elementor-element-f748dda elementor-widget elementor-widget-text-editor\" data-id=\"f748dda\" data-element_type=\"widget\" data-e-type=\"widget\" data-widget_type=\"text-editor.default\">\n\t\t\t\t<div class=\"elementor-widget-container\">\n\t\t\t\t\t\t\t\t\t<p>W\u0142a\u015bciciele maj\u0105 mo\u017cliwo\u015b\u0107 sprawdzenia stanu swoich rozlicze\u0144 poprzez stron\u0119 internetow\u0105.<\/p><p>W tym celu prosimy o kontakt z administratorem lub ksi\u0119gowo\u015bci\u0105 w celu uzyskania indywidualnego loginu i has\u0142a.<\/p><p>Po zalogowaniu mo\u017cna sprawdzi\u0107 saldo lokalu, przeczyta\u0107 wa\u017cne informacje zamieszczane przez ksi\u0119gowo\u015b\u0107, uzyska\u0107 dost\u0119p do rozlicze\u0144 medi\u00f3w.<\/p><p><strong>Dane s\u0105 aktualizowane raz w miesi\u0105cu po otrzymaniu z banku wyci\u0105gu za poprzedni miesi\u0105c.<\/strong><\/p>\t\t\t\t\t\t\t\t<\/div>\n\t\t\t\t<\/div>\n\t\t\t\t\t<\/div>\n\t\t<\/div>\n\t\t\t\t\t<\/div>\n\t\t<\/section>\n\t\t\t\t<section class=\"elementor-section elementor-top-section elementor-element elementor-element-a5d9af0 elementor-section-boxed elementor-section-height-default elementor-section-height-default\" data-id=\"a5d9af0\" data-element_type=\"section\" data-e-type=\"section\">\n\t\t\t\t\t\t<div class=\"elementor-container elementor-column-gap-default\">\n\t\t\t\t\t<div class=\"elementor-column elementor-col-100 elementor-top-column elementor-element elementor-element-c891aeb\" data-id=\"c891aeb\" data-element_type=\"column\" data-e-type=\"column\">\n\t\t\t<div class=\"elementor-widget-wrap elementor-element-populated\">\n\t\t\t\t\t\t<div class=\"elementor-element elementor-element-21fd5a0 elementor-align-center elementor-widget elementor-widget-button\" data-id=\"21fd5a0\" data-element_type=\"widget\" data-e-type=\"widget\" data-widget_type=\"button.default\">\n\t\t\t\t<div class=\"elementor-widget-container\">\n\t\t\t\t\t\t\t\t\t<div class=\"elementor-button-wrapper\">\n\t\t\t\t\t<a class=\"elementor-button elementor-button-link elementor-size-sm\" href=\"https:\/\/www.e-kartoteka.pl\/#\/login\">\n\t\t\t\t\t\t<span class=\"elementor-button-content-wrapper\">\n\t\t\t\t\t\t\t\t\t<span class=\"elementor-button-text\">e-kartoteka<\/span>\n\t\t\t\t\t<\/span>\n\t\t\t\t\t<\/a>\n\t\t\t\t<\/div>\n\t\t\t\t\t\t\t\t<\/div>\n\t\t\t\t<\/div>\n\t\t\t\t\t<\/div>\n\t\t<\/div>\n\t\t\t\t\t<\/div>\n\t\t<\/section>\n\t\t\t\t<section class=\"elementor-section elementor-top-section elementor-element elementor-element-4af5abf elementor-section-boxed elementor-section-height-default elementor-section-height-default\" data-id=\"4af5abf\" data-element_type=\"section\" data-e-type=\"section\">\n\t\t\t\t\t\t<div class=\"elementor-container elementor-column-gap-default\">\n\t\t\t\t\t<div class=\"elementor-column elementor-col-100 elementor-top-column elementor-element elementor-element-09e3c50\" data-id=\"09e3c50\" data-element_type=\"column\" data-e-type=\"column\">\n\t\t\t<div class=\"elementor-widget-wrap elementor-element-populated\">\n\t\t\t\t\t\t<div class=\"elementor-element elementor-element-3730298 elementor-widget elementor-widget-text-editor\" data-id=\"3730298\" data-element_type=\"widget\" data-e-type=\"widget\" data-widget_type=\"text-editor.default\">\n\t\t\t\t<div class=\"elementor-widget-container\">\n\t\t\t\t\t\t\t\t\t<p>Maj\u0105c na uwadze Pa\u0144stwa wygod\u0119, bezpiecze\u0144stwo, transparentno\u015b\u0107 finansow\u0105, podwy\u017cszanie jako\u015bci<br \/>\u015bwiadczonych us\u0142ug oraz \u0142atw\u0105 komunikacj\u0119 zach\u0119camy do korzystania z internetowej Strefy Mieszka\u0144ca.<br \/>Po wej\u015bciu na stron\u0119 strefa.dombest.pl i zalogowaniu si\u0119 do Strefy Klienta, mog\u0105 Pa\u0144stwo:<br \/>\u00b7 sprawdzi\u0107 saldo lokalu<br \/>\u00b7 regulowa\u0107 nale\u017cno\u015bci online<br \/>\u00b7 poda\u0107 stany licznik\u00f3w lokalowych<\/p>\t\t\t\t\t\t\t\t<\/div>\n\t\t\t\t<\/div>\n\t\t\t\t\t<\/div>\n\t\t<\/div>\n\t\t\t\t\t<\/div>\n\t\t<\/section>\n\t\t\t\t<\/div>\n\t\t","protected":false},"excerpt":{"rendered":"<p>W\u0142a\u015bciciele maj\u0105 mo\u017cliwo\u015b\u0107 sprawdzenia stanu swoich rozlicze\u0144 poprzez stron\u0119 internetow\u0105. W tym celu prosimy o kontakt z administratorem lub ksi\u0119gowo\u015bci\u0105 w celu uzyskania indywidualnego loginu i has\u0142a. Po zalogowaniu mo\u017cna sprawdzi\u0107 saldo lokalu, przeczyta\u0107 wa\u017cne informacje zamieszczane przez ksi\u0119gowo\u015b\u0107, uzyska\u0107 dost\u0119p do rozlicze\u0144 medi\u00f3w. Dane s\u0105 aktualizowane raz w miesi\u0105cu po otrzymaniu z banku wyci\u0105gu [&hellip;]<\/p>\n","protected":false},"author":2,"featured_media":0,"parent":0,"menu_order":0,"comment_status":"closed","ping_status":"closed","template":"","meta":{"ocean_post_layout":"","ocean_both_sidebars_style":"","ocean_both_sidebars_content_width":0,"ocean_both_sidebars_sidebars_width":0,"ocean_sidebar":"0","ocean_second_sidebar":"0","ocean_disable_margins":"enable","ocean_add_body_class":"","ocean_shortcode_before_top_bar":"","ocean_shortcode_after_top_bar":"","ocean_shortcode_before_header":"","ocean_shortcode_after_header":"","ocean_has_shortcode":"","ocean_shortcode_after_title":"","ocean_shortcode_before_footer_widgets":"","ocean_shortcode_after_footer_widgets":"","ocean_shortcode_before_footer_bottom":"","ocean_shortcode_after_footer_bottom":"","ocean_display_top_bar":"default","ocean_display_header":"default","ocean_header_style":"","ocean_center_header_left_menu":"0","ocean_custom_header_template":"0","ocean_custom_logo":0,"ocean_custom_retina_logo":0,"ocean_custom_logo_max_width":0,"ocean_custom_logo_tablet_max_width":0,"ocean_custom_logo_mobile_max_width":0,"ocean_custom_logo_max_height":0,"ocean_custom_logo_tablet_max_height":0,"ocean_custom_logo_mobile_max_height":0,"ocean_header_custom_menu":"0","ocean_menu_typo_font_family":"0","ocean_menu_typo_font_subset":"","ocean_menu_typo_font_size":0,"ocean_menu_typo_font_size_tablet":0,"ocean_menu_typo_font_size_mobile":0,"ocean_menu_typo_font_size_unit":"px","ocean_menu_typo_font_weight":"","ocean_menu_typo_font_weight_tablet":"","ocean_menu_typo_font_weight_mobile":"","ocean_menu_typo_transform":"","ocean_menu_typo_transform_tablet":"","ocean_menu_typo_transform_mobile":"","ocean_menu_typo_line_height":0,"ocean_menu_typo_line_height_tablet":0,"ocean_menu_typo_line_height_mobile":0,"ocean_menu_typo_line_height_unit":"","ocean_menu_typo_spacing":0,"ocean_menu_typo_spacing_tablet":0,"ocean_menu_typo_spacing_mobile":0,"ocean_menu_typo_spacing_unit":"","ocean_menu_link_color":"","ocean_menu_link_color_hover":"","ocean_menu_link_color_active":"","ocean_menu_link_background":"","ocean_menu_link_hover_background":"","ocean_menu_link_active_background":"","ocean_menu_social_links_bg":"","ocean_menu_social_hover_links_bg":"","ocean_menu_social_links_color":"","ocean_menu_social_hover_links_color":"","ocean_disable_title":"default","ocean_disable_heading":"default","ocean_post_title":"","ocean_post_subheading":"","ocean_post_title_style":"","ocean_post_title_background_color":"","ocean_post_title_background":0,"ocean_post_title_bg_image_position":"","ocean_post_title_bg_image_attachment":"","ocean_post_title_bg_image_repeat":"","ocean_post_title_bg_image_size":"","ocean_post_title_height":0,"ocean_post_title_bg_overlay":0.5,"ocean_post_title_bg_overlay_color":"","ocean_disable_breadcrumbs":"default","ocean_breadcrumbs_color":"","ocean_breadcrumbs_separator_color":"","ocean_breadcrumbs_links_color":"","ocean_breadcrumbs_links_hover_color":"","ocean_display_footer_widgets":"default","ocean_display_footer_bottom":"default","ocean_custom_footer_template":"0","footnotes":""},"class_list":["post-636","page","type-page","status-publish","hentry","entry"],"_links":{"self":[{"href":"https:\/\/report.com.pl\/index.php?rest_route=\/wp\/v2\/pages\/636","targetHints":{"allow":["GET"]}}],"collection":[{"href":"https:\/\/report.com.pl\/index.php?rest_route=\/wp\/v2\/pages"}],"about":[{"href":"https:\/\/report.com.pl\/index.php?rest_route=\/wp\/v2\/types\/page"}],"author":[{"embeddable":true,"href":"https:\/\/report.com.pl\/index.php?rest_route=\/wp\/v2\/users\/2"}],"replies":[{"embeddable":true,"href":"https:\/\/report.com.pl\/index.php?rest_route=%2Fwp%2Fv2%2Fcomments&post=636"}],"version-history":[{"count":37,"href":"https:\/\/report.com.pl\/index.php?rest_route=\/wp\/v2\/pages\/636\/revisions"}],"predecessor-version":[{"id":2277,"href":"https:\/\/report.com.pl\/index.php?rest_route=\/wp\/v2\/pages\/636\/revisions\/2277"}],"wp:attachment":[{"href":"https:\/\/report.com.pl\/index.php?rest_route=%2Fwp%2Fv2%2Fmedia&parent=636"}],"curies":[{"name":"wp","href":"https:\/\/api.w.org\/{rel}","templated":true}]}}